{"id":16783,"date":"2024-10-03T09:36:35","date_gmt":"2024-10-03T09:36:35","guid":{"rendered":"https:\/\/2024.transeuropafestival.eu\/camminata-femminista-decoloniale\/"},"modified":"2024-10-23T14:19:13","modified_gmt":"2024-10-23T14:19:13","slug":"camminata-femminista-decoloniale","status":"publish","type":"page","link":"https:\/\/2024.transeuropafestival.eu\/it\/camminata-femminista-decoloniale\/","title":{"rendered":"Camminata femminista decoloniale"},"content":{"rendered":"<h1><em>Una camminata decoloniale a Venezia<\/em><\/h1>\n<h3><strong><i>Camminata &amp; Workshop collaborativo<\/i><br \/>\nSabato 9 Novembre<\/strong><br \/>\n<strong>9h30 &#8211; 12h<br \/>\nPunto di partenza: Museo di Storia Naturale Giancarlo Ligabue<\/strong><\/h3>\n<p><em><strong>EN<\/strong><\/em><\/p>\n<p>A cura di <a href=\"https:\/\/2024.transeuropafestival.eu\/it\/speakers\/shaul-bassi\/\" target=\"_blank\" rel=\"noopener\">Shaul Bassi<\/a> e Georgia Satchwell<\/p>\n<p>Nell&#8217;ambito del Festival TRANSEUROPA 2024, <em>A Decolonial Walk in Venice<\/em> guida l\u0259 partecipanti attraverso la citt\u00e0, affrontando l&#8217;eredit\u00e0 coloniale di Venezia in diversi periodi storici, le sue risposte postcoloniali e il suo potenziale di decolonizzazione.<\/p>\n<p>Il nostro punto di partenza sar\u00e0 il Museo di Storia Naturale dove, tra una tradizionale esposizione di animali imbalsamati e campioni biologici ordinatamente disposti, si trova una sezione etnografica molto peculiare basata sui viaggi nell&#8217;Africa centrale del XIX secolo dell&#8217;esploratore veneziano Giovanni Miani. Accompagnat\u0259 dal curatore, esamineremo l\u2019esposizione, che riflette un approccio conservazionista tipicamente italiano, che d\u00e0 priorit\u00e0 a una visione filologica piuttosto che critica del patrimonio culturale. Esploreremo possibili alternative, tra cui la restituzione, nuove disposizioni o l&#8217;uso di strumenti digitali per offrire contro-narrazioni decoloniali.<\/p>\n<p>Alla Basilica dei Frari, esamineremo la tomba del Doge Giovanni Pesaro, progettata nel 1669 da Baldassare Longhena. Questo monumento, spesso trascurato, raffigura quattro schiavi africani neri che si sforzano di sostenere il peso della piattaforma del doge. Rifletteremo su come la schiavit\u00f9 sia allo stesso tempo chiaramente visibile ma spesso ignorata nel paesaggio artistico di Venezia, e discuteremo possibili approcci per reinterpretare tali monumenti storici per affrontare questa eredit\u00e0 problematica.<\/p>\n<p>La passeggiata si concluder\u00e0 all&#8217;AKKA Project, una galleria che espone arte contemporanea africana, dove vedremo come artist\u0259 di vari paesi africani, attraverso il programma di residenza, abbiano interagito con il patrimonio culturale veneziano e reimmaginato la citt\u00e0 attraverso la loro arte. Questa tappa offrir\u00e0 spunti su come l&#8217;arte visiva possa contribuire a una comprensione trasformata della storia coloniale di Venezia e suggerire nuovi modi di reinterpretare i luoghi esplorati.<\/p>\n<p>Riconoscendo che la decolonizzazione \u00e8 un processo attivo di cambiamento, l\u0437 partecipanti saranno invitat\u0437 a impegnarsi criticamente e a reimmaginare i siti, offrendo riflessioni e idee per creare un futuro pi\u00f9 inclusivo, femminista e decoloniale. Durante il percorso, considereremo domande chiave: Quali sono le responsabilit\u00e0 dei musei e delle istituzioni culturali nell&#8217;affrontare le proprie eredit\u00e0 coloniali e quali passi possono essere compiuti verso la decolonizzazione? Quali storie sono visibili nel tessuto sociale di Venezia e quali sono state silenziate o dimenticate?<\/p>\n<p>La passeggiata \u00e8 su <strong>registrazione<\/strong>, con un massimo di 20 partecipanti.<\/p>\n<p>(a pagamento) <a style=\"color: #000000;\" href=\"https:\/\/forms.gle\/dCvuyF73R9F9Rxse9\">REGISTRATI QUI<\/a><\/p>\n","protected":false},"excerpt":{"rendered":"<p>Una camminata decoloniale a Venezia Camminata &amp; Workshop collaborativo Sabato 9 Novembre 9h30 &#8211; 12h Punto di partenza: Museo di Storia Naturale Giancarlo Ligabue EN A cura di Shaul Bassi e Georgia Satchwell Nell&#8217;ambito del Festival TRANSEUROPA 2024, A Decolonial Walk in Venice guida l\u0259 partecipanti attraverso la citt\u00e0, affrontando l&#8217;eredit\u00e0 coloniale di Venezia in [&hellip;]<\/p>\n","protected":false},"author":2,"featured_media":0,"parent":0,"menu_order":0,"comment_status":"closed","ping_status":"closed","template":"","meta":{"footnotes":""},"class_list":["post-16783","page","type-page","status-publish","hentry"],"_links":{"self":[{"href":"https:\/\/2024.transeuropafestival.eu\/it\/wp-json\/wp\/v2\/pages\/16783","targetHints":{"allow":["GET"]}}],"collection":[{"href":"https:\/\/2024.transeuropafestival.eu\/it\/wp-json\/wp\/v2\/pages"}],"about":[{"href":"https:\/\/2024.transeuropafestival.eu\/it\/wp-json\/wp\/v2\/types\/page"}],"author":[{"embeddable":true,"href":"https:\/\/2024.transeuropafestival.eu\/it\/wp-json\/wp\/v2\/users\/2"}],"replies":[{"embeddable":true,"href":"https:\/\/2024.transeuropafestival.eu\/it\/wp-json\/wp\/v2\/comments?post=16783"}],"version-history":[{"count":5,"href":"https:\/\/2024.transeuropafestival.eu\/it\/wp-json\/wp\/v2\/pages\/16783\/revisions"}],"predecessor-version":[{"id":17624,"href":"https:\/\/2024.transeuropafestival.eu\/it\/wp-json\/wp\/v2\/pages\/16783\/revisions\/17624"}],"wp:attachment":[{"href":"https:\/\/2024.transeuropafestival.eu\/it\/wp-json\/wp\/v2\/media?parent=16783"}],"curies":[{"name":"wp","href":"https:\/\/api.w.org\/{rel}","templated":true}]}}