{"id":16789,"date":"2024-10-03T09:49:17","date_gmt":"2024-10-03T09:49:17","guid":{"rendered":"https:\/\/2024.transeuropafestival.eu\/correnti-di-ricordi-sonori\/"},"modified":"2024-10-24T10:51:12","modified_gmt":"2024-10-24T10:51:12","slug":"correnti-di-ricordi-sonori","status":"publish","type":"page","link":"https:\/\/2024.transeuropafestival.eu\/it\/correnti-di-ricordi-sonori\/","title":{"rendered":"Correnti di Memorie"},"content":{"rendered":"<h1><em>Correnti di Memorie<\/em><\/h1>\n<h3><strong><em>Workshop<\/em><br \/>\nSabato 9 Novembre<\/strong><br \/>\n<strong>dalle 10 alle 18<br \/>\n<span data-sheets-root=\"1\">PASE\u00a0<\/span><\/strong><\/h3>\n<p>Il workshop <em>Currents of Memories<\/em> offrir\u00e0 ai partecipanti un&#8217;opportunit\u00e0 unica per esplorare la registrazione sonora, i paesaggi sonori e la creazione audio collettiva. Il workshop inizier\u00e0 con una sessione di ascolto mirato e un&#8217;introduzione a diverse tecniche auditive (mono, stereo, paesaggi sonori, riverberi), seguita da una passeggiata sonora durante la quale i partecipanti raccoglieranno registrazioni sul campo. Questi frammenti sonori saranno utilizzati per creare un&#8217;installazione sonora collaborativa, contribuendo direttamente all&#8217;installazione finale di <em>Currents of Memories<\/em> che sar\u00e0 presentata alla fine della giornata. Il workshop \u00e8 aperto a partecipanti di tutti i livelli di abilit\u00e0 e non \u00e8 richiesta alcuna esperienza precedente.<\/p>\n<p>Solo<em><strong> su registrazione \/ a pagamento<\/strong><\/em><\/p>\n<p><em><a href=\"https:\/\/forms.gle\/Mx5GBtsHASsUsswt8\" target=\"_blank\" rel=\"noopener\">REGISTRATI QUI<\/a><\/em><\/p>\n<p>EN \/ IT<\/p>\n","protected":false},"excerpt":{"rendered":"<p>Correnti di Memorie Workshop Sabato 9 Novembre dalle 10 alle 18 PASE\u00a0 Il workshop Currents of Memories offrir\u00e0 ai partecipanti un&#8217;opportunit\u00e0 unica per esplorare la registrazione sonora, i paesaggi sonori e la creazione audio collettiva. Il workshop inizier\u00e0 con una sessione di ascolto mirato e un&#8217;introduzione a diverse tecniche auditive (mono, stereo, paesaggi sonori, riverberi), [&hellip;]<\/p>\n","protected":false},"author":2,"featured_media":0,"parent":0,"menu_order":0,"comment_status":"closed","ping_status":"closed","template":"","meta":{"footnotes":""},"class_list":["post-16789","page","type-page","status-publish","hentry"],"_links":{"self":[{"href":"https:\/\/2024.transeuropafestival.eu\/it\/wp-json\/wp\/v2\/pages\/16789","targetHints":{"allow":["GET"]}}],"collection":[{"href":"https:\/\/2024.transeuropafestival.eu\/it\/wp-json\/wp\/v2\/pages"}],"about":[{"href":"https:\/\/2024.transeuropafestival.eu\/it\/wp-json\/wp\/v2\/types\/page"}],"author":[{"embeddable":true,"href":"https:\/\/2024.transeuropafestival.eu\/it\/wp-json\/wp\/v2\/users\/2"}],"replies":[{"embeddable":true,"href":"https:\/\/2024.transeuropafestival.eu\/it\/wp-json\/wp\/v2\/comments?post=16789"}],"version-history":[{"count":6,"href":"https:\/\/2024.transeuropafestival.eu\/it\/wp-json\/wp\/v2\/pages\/16789\/revisions"}],"predecessor-version":[{"id":17690,"href":"https:\/\/2024.transeuropafestival.eu\/it\/wp-json\/wp\/v2\/pages\/16789\/revisions\/17690"}],"wp:attachment":[{"href":"https:\/\/2024.transeuropafestival.eu\/it\/wp-json\/wp\/v2\/media?parent=16789"}],"curies":[{"name":"wp","href":"https:\/\/api.w.org\/{rel}","templated":true}]}}