{"id":16804,"date":"2024-10-03T10:08:27","date_gmt":"2024-10-03T10:08:27","guid":{"rendered":"https:\/\/2024.transeuropafestival.eu\/la-banda-delle-velme\/"},"modified":"2024-10-09T07:05:49","modified_gmt":"2024-10-09T07:05:49","slug":"la-banda-delle-velme","status":"publish","type":"page","link":"https:\/\/2024.transeuropafestival.eu\/it\/la-banda-delle-velme\/","title":{"rendered":"La Banda delle Velme"},"content":{"rendered":"<h1><em>La Banda delle Velme<\/em><\/h1>\n<h3><strong><em>Presentazione del libro<\/em><br \/>\nSabato 9 Novembre<\/strong><br \/>\n<strong>dalle 11.20 alle 12.30<br \/>\n<span data-sheets-root=\"1\">Zenobia\u00a0<\/span><\/strong><\/h3>\n<p><span data-sheets-root=\"1\">Presentazione del fumetto<em> La Banda delle Velme,<\/em> insieme all&#8217;autore <strong>Pietro Leddi.<\/strong><br \/>\n<em>La Banda delle Velme<\/em> \u00e8 una pubblicazione<em><strong> curata da We are here Venice<\/strong><\/em> ispirata all&#8217;esplorazione dei siti pilota Vital, alla ricchezza dell&#8217;ecosistema lagunare e alle storie e leggende popolari veneziane. \u00c8 stata realizzata per sensibilizzare le persone alla laguna, stimolando la curiosit\u00e0 soprattutto dei pi\u00f9 giovani e proponendo un&#8217;opera coinvolgente per i lettori e lettrici di ogni et\u00e0. Nella sezione finale, la pubblicazione contiene approfondimenti scientifici e storici legati al racconto.<\/span><\/p>\n<p>IT<\/p>\n","protected":false},"excerpt":{"rendered":"<p>La Banda delle Velme Presentazione del libro Sabato 9 Novembre dalle 11.20 alle 12.30 Zenobia\u00a0 Presentazione del fumetto La Banda delle Velme, insieme all&#8217;autore Pietro Leddi. La Banda delle Velme \u00e8 una pubblicazione curata da We are here Venice ispirata all&#8217;esplorazione dei siti pilota Vital, alla ricchezza dell&#8217;ecosistema lagunare e alle storie e leggende popolari [&hellip;]<\/p>\n","protected":false},"author":2,"featured_media":0,"parent":0,"menu_order":0,"comment_status":"closed","ping_status":"closed","template":"","meta":{"footnotes":""},"class_list":["post-16804","page","type-page","status-publish","hentry"],"_links":{"self":[{"href":"https:\/\/2024.transeuropafestival.eu\/it\/wp-json\/wp\/v2\/pages\/16804","targetHints":{"allow":["GET"]}}],"collection":[{"href":"https:\/\/2024.transeuropafestival.eu\/it\/wp-json\/wp\/v2\/pages"}],"about":[{"href":"https:\/\/2024.transeuropafestival.eu\/it\/wp-json\/wp\/v2\/types\/page"}],"author":[{"embeddable":true,"href":"https:\/\/2024.transeuropafestival.eu\/it\/wp-json\/wp\/v2\/users\/2"}],"replies":[{"embeddable":true,"href":"https:\/\/2024.transeuropafestival.eu\/it\/wp-json\/wp\/v2\/comments?post=16804"}],"version-history":[{"count":2,"href":"https:\/\/2024.transeuropafestival.eu\/it\/wp-json\/wp\/v2\/pages\/16804\/revisions"}],"predecessor-version":[{"id":17011,"href":"https:\/\/2024.transeuropafestival.eu\/it\/wp-json\/wp\/v2\/pages\/16804\/revisions\/17011"}],"wp:attachment":[{"href":"https:\/\/2024.transeuropafestival.eu\/it\/wp-json\/wp\/v2\/media?parent=16804"}],"curies":[{"name":"wp","href":"https:\/\/api.w.org\/{rel}","templated":true}]}}