{"id":16826,"date":"2024-10-03T11:33:18","date_gmt":"2024-10-03T11:33:18","guid":{"rendered":"https:\/\/2024.transeuropafestival.eu\/the-way-forward-come-le-citta-creano-nuove-forme-di-solidarieta-e-pace-in-tempi-di-migrazioni\/"},"modified":"2024-11-04T12:57:34","modified_gmt":"2024-11-04T12:57:34","slug":"the-way-forward-come-le-citta-creano-nuove-forme-di-solidarieta-e-pace-in-tempi-di-migrazioni","status":"publish","type":"page","link":"https:\/\/2024.transeuropafestival.eu\/it\/the-way-forward-come-le-citta-creano-nuove-forme-di-solidarieta-e-pace-in-tempi-di-migrazioni\/","title":{"rendered":"The Way Forward: Come le citt\u00e0 creano nuove forme di solidariet\u00e0 e pace in tempi di migrazioni"},"content":{"rendered":"<h1><em>The Way Forward: Come le citt\u00e0 creano nuove forme di solidariet\u00e0 e pace in tempi di migrazioni<\/em><\/h1>\n<h3><strong><em>Panel<\/em><br \/>\nSabato 9 Novembre<\/strong><br \/>\n<strong>dalle 18 alle 20<br \/>\n<span data-sheets-root=\"1\">Casa dei Tre Oci<\/span><\/strong><\/h3>\n<p><span style=\"font-weight: 400;\">Viviamo in un periodo di trasformazioni epocali, che comportano una rivoluzione del nostro mondo e un riassetto dei rapporti di forza globali. Le emergenze planetarie sono tre in crescita e collegate fra loro: guerre, cambiamenti climatici, disuguaglianze. Queste tre emergenze sono frutto e corrispondono ad una situazione di cambiamento climatico politico e culturale traumatico. Rappresentano inoltre i principali driver di un sempre pi\u00f9 crescente movimento di persone che interessa gran parte del pianeta.Un ruolo cruciale e determinante sar\u00e0 quello delle citt\u00e0, le municipalit\u00e0 infatti, avranno una grande responsabilit\u00e0 nel veicolare le informazioni, la promozione sociale, politica e culturale di scambi e della diversit\u00e0 culturale come asset per le nostre comunit\u00e0. Quali strumenti hanno a disposizione? Cosa pu\u00f2 fare L&#8217;Europa per supportare questo lavoro e agevolare una modalit\u00e0 di accoglienza e inclusione con caratteri comuni per tutte?Ci piace immaginare queste citt\u00e0 come spazi democratici in cui le persone di origini diverse possano vivere insieme e creare nuove forme di solidariet\u00e0 e connessioni.<\/span><\/p>\n<p><span style=\"font-weight: 400;\">Con un approccio interdisciplinare questo panel, a cura di Fondazione Studio Rizoma, vuole offrire una bussola virtuale, nuove lenti\u00a0 per orientarsi nel dibattito odierno , per interpretare il presente ed immaginare il futuro andando oltre i confini del mainstreaming e fornendo idee e spunti di riflessione alternativi.\u00a0<\/span><\/p>\n<p><i><span style=\"font-weight: 400;\">In questa occasione verr\u00e0 presentata dagli attivisti di Natura Comune la proposta di legge di iniziativa popolare &#8216;Xenia&#8217; sull&#8217;accoglienza dei migranti.<\/span><\/i><\/p>\n<p><span style=\"font-weight: 400;\">con <strong>Erion Veliaj<\/strong> (Sindaco di Tirana),<strong> Clare Hart<\/strong> (Vicepresidente di Montpellier M\u00e9diterran\u00e9e M\u00e9tropole), <strong>Mimmo Lucano<\/strong> (Sindaco di Riace e Europarlamentare), <strong>David Yambio<\/strong> (Pact for Equality Advocate e portavoce per i diritti umani), <strong>Leoluca Orlando<\/strong> (Europarlamentare).<\/span><\/p>\n<p><span style=\"font-weight: 400;\">modera <strong>Letizia Tortello<\/strong> (Giornalista La Stampa).<\/span><\/p>\n<p><a href=\"https:\/\/docs.google.com\/forms\/d\/e\/1FAIpQLSd3yOtbTztcvpFvNBGw3GaabqCs6AqRJ2VtoDk3G9_dxfXwYg\/viewform\" target=\"_blank\" rel=\"noopener\">Registrati qui.<\/a><\/p>\n","protected":false},"excerpt":{"rendered":"<p>The Way Forward: Come le citt\u00e0 creano nuove forme di solidariet\u00e0 e pace in tempi di migrazioni Panel Sabato 9 Novembre dalle 18 alle 20 Casa dei Tre Oci Viviamo in un periodo di trasformazioni epocali, che comportano una rivoluzione del nostro mondo e un riassetto dei rapporti di forza globali. Le emergenze planetarie sono [&hellip;]<\/p>\n","protected":false},"author":2,"featured_media":0,"parent":0,"menu_order":0,"comment_status":"closed","ping_status":"closed","template":"","meta":{"footnotes":""},"class_list":["post-16826","page","type-page","status-publish","hentry"],"_links":{"self":[{"href":"https:\/\/2024.transeuropafestival.eu\/it\/wp-json\/wp\/v2\/pages\/16826","targetHints":{"allow":["GET"]}}],"collection":[{"href":"https:\/\/2024.transeuropafestival.eu\/it\/wp-json\/wp\/v2\/pages"}],"about":[{"href":"https:\/\/2024.transeuropafestival.eu\/it\/wp-json\/wp\/v2\/types\/page"}],"author":[{"embeddable":true,"href":"https:\/\/2024.transeuropafestival.eu\/it\/wp-json\/wp\/v2\/users\/2"}],"replies":[{"embeddable":true,"href":"https:\/\/2024.transeuropafestival.eu\/it\/wp-json\/wp\/v2\/comments?post=16826"}],"version-history":[{"count":6,"href":"https:\/\/2024.transeuropafestival.eu\/it\/wp-json\/wp\/v2\/pages\/16826\/revisions"}],"predecessor-version":[{"id":18046,"href":"https:\/\/2024.transeuropafestival.eu\/it\/wp-json\/wp\/v2\/pages\/16826\/revisions\/18046"}],"wp:attachment":[{"href":"https:\/\/2024.transeuropafestival.eu\/it\/wp-json\/wp\/v2\/media?parent=16826"}],"curies":[{"name":"wp","href":"https:\/\/api.w.org\/{rel}","templated":true}]}}