{"id":16835,"date":"2024-10-03T11:40:49","date_gmt":"2024-10-03T11:40:49","guid":{"rendered":"https:\/\/2024.transeuropafestival.eu\/correnti-di-memorie\/"},"modified":"2024-10-24T11:00:44","modified_gmt":"2024-10-24T11:00:44","slug":"correnti-di-memorie","status":"publish","type":"page","link":"https:\/\/2024.transeuropafestival.eu\/it\/correnti-di-memorie\/","title":{"rendered":"Correnti di Memorie"},"content":{"rendered":"<h1><em>Correnti di Memorie<\/em><\/h1>\n<h3><strong><em>Installation &amp; Drinks<\/em><br \/>\nSabato 9 Novembre<\/strong><br \/>\n<strong>dalle 21 alle 23<br \/>\n<span data-sheets-root=\"1\">PASE<\/span><\/strong><\/h3>\n<p>In occasione del Transeuropa Festival 2024, lo studio creativo Pase presenta <em>Currents of Memories<\/em>, un&#8217;installazione sonora collettiva che d\u00e0 forma e spazio ai ricordi delle persone partecipanti al festival. <em>Currents of Memories<\/em> raccoglie frammenti di esperienze vissute, storie personali e testimonianze audio che emergono dalla ricca diversit\u00e0 culturale, politica e artistica che il festival incarna.<\/p>\n<p>Questa installazione, concepita come un mosaico di suoni e voci, riflette sulle connessioni tra identit\u00e0 individuale e collettiva, dando voce a diverse narrazioni: dalle storie di migrazione e resistenza politica, alle lotte femministe e alle esperienze di dissidenza culturale. Ogni voce catturata e ogni suono registrato sono simboli, ricordi, spazi di libert\u00e0 espressiva che attraversano le correnti sotterranee del festival e della societ\u00e0.<\/p>\n<p>Studio Pase invita l\u0259 visitator\u0259 a esplorare queste voci nascoste attraverso un&#8217;esperienza immersiva che combina suoni d&#8217;ambiente, registrazioni sul campo e contributi partecipativi, raccolti durante le attivit\u00e0 del festival. Le &#8220;correnti&#8221; di storie fluiscono come una rete interconnessa, simboleggiando il profondo legame tra personale e politico, tra arte e attivismo. <em>Currents of Memories<\/em> \u00e8 ispirata alla necessit\u00e0 di riscoprire le voci che spesso rimangono sotto la superficie, creando un dialogo intimo e collettivo tra chi parla e chi ascolta.<\/p>\n<p>In un contesto in cui il Transeuropa Festival esplora i temi della giustizia sociale, dell&#8217;inclusione, del femminismo, della migrazione e della libert\u00e0 creativa, <em>Currents of Memories<\/em> diventa un invito a riflettere sul potere trasformativo delle storie e dei ricordi. L&#8217;installazione si propone come uno spazio vivo e dinamico, dove le voci di chi partecipa vengono raccolte, ascoltate e diventano parte attiva di una narrazione collettiva.<\/p>\n<p>L&#8217;altra installazione nello spazio \u00e8 di Silvia Rosani, che sar\u00e0 presente e introdurr\u00e0 il suo lavoro: <em>Amotion<\/em> (2023) si presenta come un gruppo di oggetti metallici e un grande tamburello. Gli oggetti sono cablati per creare loop di feedback audio, facendoli risuonare, e questi sono controllati da una patch in Pure Data. Questo insieme di connessioni trasforma gli oggetti in strumenti elettro-acustici ibridi. Un&#8217;app creata con Python permette all\u0259 partecipanti e ai musicist\u0437 di usare le loro voci o i loro strumenti per interagire con l&#8217;installazione, sia nello spazio espositivo che da remoto. L&#8217;app registra e analizza questi suoni e prende decisioni su come gli strumenti elettro-acustici ibridi reagiranno agli stimoli circostanti. Il dialogo tra gli agenti coinvolti si basa sulla rilevazione delle emozioni, effettuata in tempo reale da un modello di rete neurale integrato nell&#8217;app, che poi invia informazioni a Pure Data per la sintesi sonora. La versione di <em>Amotion<\/em> presentata al Werkleitz Festival \u00e8 un work in progress, mentre il progetto sar\u00e0 completato presso RIXC a settembre.<\/p>\n","protected":false},"excerpt":{"rendered":"<p>Correnti di Memorie Installation &amp; Drinks Sabato 9 Novembre dalle 21 alle 23 PASE In occasione del Transeuropa Festival 2024, lo studio creativo Pase presenta Currents of Memories, un&#8217;installazione sonora collettiva che d\u00e0 forma e spazio ai ricordi delle persone partecipanti al festival. Currents of Memories raccoglie frammenti di esperienze vissute, storie personali e testimonianze [&hellip;]<\/p>\n","protected":false},"author":2,"featured_media":0,"parent":0,"menu_order":0,"comment_status":"closed","ping_status":"closed","template":"","meta":{"footnotes":""},"class_list":["post-16835","page","type-page","status-publish","hentry"],"_links":{"self":[{"href":"https:\/\/2024.transeuropafestival.eu\/it\/wp-json\/wp\/v2\/pages\/16835","targetHints":{"allow":["GET"]}}],"collection":[{"href":"https:\/\/2024.transeuropafestival.eu\/it\/wp-json\/wp\/v2\/pages"}],"about":[{"href":"https:\/\/2024.transeuropafestival.eu\/it\/wp-json\/wp\/v2\/types\/page"}],"author":[{"embeddable":true,"href":"https:\/\/2024.transeuropafestival.eu\/it\/wp-json\/wp\/v2\/users\/2"}],"replies":[{"embeddable":true,"href":"https:\/\/2024.transeuropafestival.eu\/it\/wp-json\/wp\/v2\/comments?post=16835"}],"version-history":[{"count":3,"href":"https:\/\/2024.transeuropafestival.eu\/it\/wp-json\/wp\/v2\/pages\/16835\/revisions"}],"predecessor-version":[{"id":17700,"href":"https:\/\/2024.transeuropafestival.eu\/it\/wp-json\/wp\/v2\/pages\/16835\/revisions\/17700"}],"wp:attachment":[{"href":"https:\/\/2024.transeuropafestival.eu\/it\/wp-json\/wp\/v2\/media?parent=16835"}],"curies":[{"name":"wp","href":"https:\/\/api.w.org\/{rel}","templated":true}]}}