{"id":16849,"date":"2024-10-03T11:52:33","date_gmt":"2024-10-03T11:52:33","guid":{"rendered":"https:\/\/2024.transeuropafestival.eu\/larcipelago-delle-api\/"},"modified":"2024-11-06T06:58:49","modified_gmt":"2024-11-06T06:58:49","slug":"larcipelago-delle-api","status":"publish","type":"page","link":"https:\/\/2024.transeuropafestival.eu\/it\/larcipelago-delle-api\/","title":{"rendered":"L&#8217;arcipelago delle api"},"content":{"rendered":"<h1><em>The Bees archipelago<\/em><\/h1>\n<h3><strong><em>Panel discussion &amp; dibattito pubblico<\/em><br \/>\nDomenica 10 Novembre\u00a0<\/strong><br \/>\n<strong>dalle 12 alle 14<br \/>\n<span data-sheets-root=\"1\">CREA<\/span><\/strong><\/h3>\n<p><span data-sheets-root=\"1\">Un dibattito pubblico tra <strong>Chiara Spadaro<\/strong>, autrice di <em>Arcipelago delle Api<\/em> e <strong>Wetlands<\/strong>, la casa editrice impegnata sulla sostenibilit\u00e0 sociale e ambientale, con la partecipazione degli <strong>Apicoltori di Venezia<\/strong> e un Brunch proposto da <strong>TOCIA!<\/strong> sul tema del miele<\/span><\/p>\n<p>L&#8217;importanza degli insetti impollinatori nel ciclo riproduttivo e l&#8217;allarme per la loro drastica riduzione negli ambienti naturali e antropizzati sono argomenti noti e di pubblico dominio. Meno note sono le conseguenze ambientali e umane, spesso irreversibili, che questa perdita comporta. Chiara Spadaro presenter\u00e0 il suo libro, in cui, attraverso le storie degli apicoltori della laguna e della citt\u00e0 di Venezia, racconta le metamorfosi del paesaggio lagunare, l&#8217;impatto delle attivit\u00e0 antropiche e le conseguenze dell&#8217;agricoltura industriale e delle sue lunghe filiere, suggerendo una riflessione pi\u00f9 ampia sui sistemi alimentari del futuro.<\/p>\n<p>Ripensare i modi in cui ci relazioniamo con l&#8217;ambiente e l&#8217;importanza di tessere nuove alleanze intra e interspecie diventano cos\u00ec necessit\u00e0 a cui non \u00e8 pi\u00f9 possibile sottrarsi. L&#8217;Apis mellifera si fa quindi portavoce di temi universali, come il riscaldamento globale, la trasformazione degli ambienti naturali e la perdita di biodiversit\u00e0, invitandoci a prendere posizione.<\/p>\n<p>Un confronto con Wetland, progetto editoriale dedicato ai temi della sostenibilit\u00e0 sociale e ambientale e alle sfide dell&#8217;Antropocene. Wetlands \u00e8 una proposta per una nuova visione della societ\u00e0 contemporanea, che partendo dall&#8217;ecosistema della Laguna di Venezia riflette su tutti quei luoghi che ne condividono fragilit\u00e0 e potenzialit\u00e0. Muovendosi anfibiamente nello spazio tra fiction e non-fiction, wetlands esplora temi ambientali, urbani, sociali, antropologici e culturali, incrociando prospettive internazionali con sguardi sulla vita e il futuro di Venezia.<\/p>\n<p>Con la partecipazione di Apicoltori di Venezia.<\/p>\n<p><strong><em>Dalle 13:00 alle 14:00: TOCIA! proporr\u00e0 in vendita Brunch sulla tematica del Miele. Il prezzo del brunch sar\u00e0 di 20 euro. Registrazione obbligatoria.<\/em><\/strong><\/p>\n<p>Registrati <a href=\"https:\/\/docs.google.com\/forms\/d\/e\/1FAIpQLSeeiMEhlyA45d9Y3yWVi-h57eGdR7tFF9kNIQiS_qlsFOfBZA\/viewform\" target=\"_blank\" rel=\"noopener\">qui<\/a>.<\/p>\n","protected":false},"excerpt":{"rendered":"<p>The Bees archipelago Panel discussion &amp; dibattito pubblico Domenica 10 Novembre\u00a0 dalle 12 alle 14 CREA Un dibattito pubblico tra Chiara Spadaro, autrice di Arcipelago delle Api e Wetlands, la casa editrice impegnata sulla sostenibilit\u00e0 sociale e ambientale, con la partecipazione degli Apicoltori di Venezia e un Brunch proposto da TOCIA! sul tema del miele [&hellip;]<\/p>\n","protected":false},"author":2,"featured_media":0,"parent":0,"menu_order":0,"comment_status":"closed","ping_status":"closed","template":"","meta":{"footnotes":""},"class_list":["post-16849","page","type-page","status-publish","hentry"],"_links":{"self":[{"href":"https:\/\/2024.transeuropafestival.eu\/it\/wp-json\/wp\/v2\/pages\/16849","targetHints":{"allow":["GET"]}}],"collection":[{"href":"https:\/\/2024.transeuropafestival.eu\/it\/wp-json\/wp\/v2\/pages"}],"about":[{"href":"https:\/\/2024.transeuropafestival.eu\/it\/wp-json\/wp\/v2\/types\/page"}],"author":[{"embeddable":true,"href":"https:\/\/2024.transeuropafestival.eu\/it\/wp-json\/wp\/v2\/users\/2"}],"replies":[{"embeddable":true,"href":"https:\/\/2024.transeuropafestival.eu\/it\/wp-json\/wp\/v2\/comments?post=16849"}],"version-history":[{"count":3,"href":"https:\/\/2024.transeuropafestival.eu\/it\/wp-json\/wp\/v2\/pages\/16849\/revisions"}],"predecessor-version":[{"id":18056,"href":"https:\/\/2024.transeuropafestival.eu\/it\/wp-json\/wp\/v2\/pages\/16849\/revisions\/18056"}],"wp:attachment":[{"href":"https:\/\/2024.transeuropafestival.eu\/it\/wp-json\/wp\/v2\/media?parent=16849"}],"curies":[{"name":"wp","href":"https:\/\/api.w.org\/{rel}","templated":true}]}}