{"id":16855,"date":"2024-10-03T11:55:50","date_gmt":"2024-10-03T11:55:50","guid":{"rendered":"https:\/\/2024.transeuropafestival.eu\/matrimonio-queer-con-il-mare-verso-un-manifesto-ecofemminista-di-venezia\/"},"modified":"2024-10-23T12:29:01","modified_gmt":"2024-10-23T12:29:01","slug":"matrimonio-queer-con-il-mare-verso-un-manifesto-ecofemminista-di-venezia","status":"publish","type":"page","link":"https:\/\/2024.transeuropafestival.eu\/it\/matrimonio-queer-con-il-mare-verso-un-manifesto-ecofemminista-di-venezia\/","title":{"rendered":"Matrimonio queer con il mare: Verso un manifesto ecofemminista di Venezia"},"content":{"rendered":"<h1><em>Matrimonio queer con il mare: Verso un manifesto ecofemminista di Venezia<\/em><\/h1>\n<h3><strong><em>Workshop<\/em><br \/>\nDomenica 10 Novembre\u00a0<\/strong><br \/>\n<strong>dalle 14 alle 15<br \/>\n<span data-sheets-root=\"1\">CREA<\/span><\/strong><\/h3>\n<p><span data-sheets-root=\"1\"> A cura di <strong>Rete Arcipelago<\/strong> basato su di un progetto di <strong>Benedetta Panisson<\/strong><\/span><\/p>\n<p><b>Rete Arcipelago<\/b><span style=\"font-weight: 400;\"> invita diverse voci di Venezia che hanno un rapporto quotidiano di lunga data con il mare e la laguna a parlare delle loro storie, dei loro simboli e dei loro sogni che possono aiutare i veneziani a riconoscere la propria cosmologia e le proprie pratiche. Queste voci ispireranno un percorso verso la costruzione di un Manifesto ecofemminista. Le voci e le prospettive delle persone intrecciate confluiranno nel progetto Queer Sea Marriage: una risignificazione della Sensa, il tradizionale rituale in cui l\u2019autorit\u00e0 veneziana sposa il mare Adriatico, in una nuova dimensione performativa.<\/span><\/p>\n<p><span style=\"font-weight: 400;\">Queer Sea Marriage.<\/span><\/p>\n<p><span style=\"font-weight: 400;\">Il workshop funzioner\u00e0 come un processo aperto in cui tutti potranno contribuire attivamente a trasformare la ricerca e le idee in azione pubblica.<\/span><\/p>\n<p><span style=\"font-weight: 400;\">Il progetto artistico e la ricerca di <\/span><b>Benedetta Panisson<\/b><span style=\"font-weight: 400;\"> alimenteranno il dibattito in due dimensioni<\/span><\/p>\n<ol>\n<li><span style=\"font-weight: 400;\"> Reimmaginare il matrimonio con il mare: come possiamo riformulare la tradizionale attribuzione femminile di genere al mare, entit\u00e0 coniugale, in un contesto queer, femminista ed ecologico?<\/span><\/li>\n<\/ol>\n<p><span style=\"font-weight: 400;\">Il rituale tradizionale \u00e8 intriso di un\u2019estetica dei poteri. Invece di perpetuare valori come il dominio, il patriarcato, il matrimonio eteronormativo e lo sfruttamento del mare da parte dell\u2019uomo, come si pu\u00f2 trasformare il rituale in un rituale che incarni il potere del mare?<\/span><\/p>\n<ol start=\"2\">\n<li><span style=\"font-weight: 400;\"> Trasformare la ricerca e le idee in azione pubblica:<\/span><\/li>\n<\/ol>\n<p><span style=\"font-weight: 400;\">Come pu\u00f2 un progetto artistico evolversi in una performance pubblica? Quanto \u00e8 importante la forma visiva di una performance? Cosa rende una performance rilevante per una comunit\u00e0? Quali rituali o pratiche artistiche esistenti potrebbero servire da ispirazione o da esempio per questa trasformazione? Lo Sposalizio con il mare viene insegnato ai veneziani fin dalle scuole elementari, ma il modo in cui viene presentato nelle scuole locali tende a conservare i suoi valori originali. Come ripensare gli elementi di questo rito, anche nel modo in cui viene raccontato ai bambini?<\/span><\/p>\n<p><span style=\"font-weight: 400;\">Infine, il collettivo di Arcipelago cercher\u00e0 di riassumere la discussione, facilitando l\u2019ideazione di una prima bozza verso il manifesto ecofemminista di Venezia.<\/span><\/p>\n<p>IT \/ EN<\/p>\n<p><a href=\"https:\/\/forms.gle\/NihXKr8nzXK7Ryy18\" target=\"_blank\" rel=\"noopener\">REGISTRATI QUI<\/a><\/p>\n","protected":false},"excerpt":{"rendered":"<p>Matrimonio queer con il mare: Verso un manifesto ecofemminista di Venezia Workshop Domenica 10 Novembre\u00a0 dalle 14 alle 15 CREA A cura di Rete Arcipelago basato su di un progetto di Benedetta Panisson Rete Arcipelago invita diverse voci di Venezia che hanno un rapporto quotidiano di lunga data con il mare e la laguna a [&hellip;]<\/p>\n","protected":false},"author":2,"featured_media":0,"parent":0,"menu_order":0,"comment_status":"closed","ping_status":"closed","template":"","meta":{"footnotes":""},"class_list":["post-16855","page","type-page","status-publish","hentry"],"_links":{"self":[{"href":"https:\/\/2024.transeuropafestival.eu\/it\/wp-json\/wp\/v2\/pages\/16855","targetHints":{"allow":["GET"]}}],"collection":[{"href":"https:\/\/2024.transeuropafestival.eu\/it\/wp-json\/wp\/v2\/pages"}],"about":[{"href":"https:\/\/2024.transeuropafestival.eu\/it\/wp-json\/wp\/v2\/types\/page"}],"author":[{"embeddable":true,"href":"https:\/\/2024.transeuropafestival.eu\/it\/wp-json\/wp\/v2\/users\/2"}],"replies":[{"embeddable":true,"href":"https:\/\/2024.transeuropafestival.eu\/it\/wp-json\/wp\/v2\/comments?post=16855"}],"version-history":[{"count":4,"href":"https:\/\/2024.transeuropafestival.eu\/it\/wp-json\/wp\/v2\/pages\/16855\/revisions"}],"predecessor-version":[{"id":17523,"href":"https:\/\/2024.transeuropafestival.eu\/it\/wp-json\/wp\/v2\/pages\/16855\/revisions\/17523"}],"wp:attachment":[{"href":"https:\/\/2024.transeuropafestival.eu\/it\/wp-json\/wp\/v2\/media?parent=16855"}],"curies":[{"name":"wp","href":"https:\/\/api.w.org\/{rel}","templated":true}]}}