{"id":16874,"date":"2024-10-03T12:17:42","date_gmt":"2024-10-03T12:17:42","guid":{"rendered":"https:\/\/2024.transeuropafestival.eu\/body-of-water\/"},"modified":"2024-10-27T09:56:10","modified_gmt":"2024-10-27T09:56:10","slug":"body-of-water","status":"publish","type":"page","link":"https:\/\/2024.transeuropafestival.eu\/it\/body-of-water\/","title":{"rendered":"BODY OF WATER"},"content":{"rendered":"<h1><b><i>CORPO D\u2019ACQUA \u2013 Liquidit\u00e0 ed elemento antropico<\/i><\/b><\/h1>\n<h3><b><i>Mostra collettiva<\/i><\/b><\/h3>\n<h3><b>dal 5 al 15 Novembre<\/b><\/h3>\n<h3><b>dalle 11 alle 18<\/b><\/h3>\n<h3><b>CREA Cantieri del Contemporaneo<\/b><\/h3>\n<p><span style=\"font-weight: 400;\">Prima che l\u2019acqua diventasse uno dei temi chiave di ricerca scientifica e artistica legata alla sostenibilit\u00e0 e sopravvivenza nel 20esimo secolo, era gi\u00e0 un tema a Venezia e lo \u00e8 perennemente. La citt\u00e0 \u00e8 stata fondata grazie all\u2019esistenza della laguna, e nonostante questo viene messa in dubbio dalla stessa materia come ci ricorda il Mose che dovrebbe proteggere la citt\u00e0 dall\u2019acqua alta per qualche anno. Spesso descritta come madre o grembo, l\u2019acqua \u00e8 sia la genesi economica e mitologica di Venezia, sia sopportatrice di relazioni e equilibri fragili come quelli tra citt\u00e0 e turismo, porto e navi, sostenibilit\u00e0 e sfruttamento.\u00a0<\/span><\/p>\n<p><span style=\"font-weight: 400;\">In una mostra collettiva, Body of Water porta insieme lavori che offrono possibili riflessioni sulla relazione tra l\u2019uomo e l\u2019elemento dell\u2019acqua. Nel focus si trova l\u2019arte del poter e dover vivere con l\u2019acqua, strategie di pesca, artigianato, protezione, inquinamento e \u2026 infrastrutture narrativi, culturali e strutturali per la convivenza con la materia liquida.<\/span><\/p>\n<p><span style=\"font-weight: 400;\">Venezia diventa punto di partenza, luogo simbolo nella sua particolarit\u00e0 e nella sua fragilit\u00e0, per una discussione pi\u00f9 ampia.\u00a0<\/span><\/p>\n<p><span style=\"font-weight: 400;\">A cura di <\/span><a href=\"https:\/\/2024.transeuropafestival.eu\/it\/speakers\/pier-paolo-scelsi\/\" target=\"_blank\" rel=\"noopener\"><b>Pier Paolo Scelsi <\/b><\/a>(CREA) <span style=\"font-weight: 400;\">e <\/span><a href=\"https:\/\/2024.transeuropafestival.eu\/it\/speakers\/izabela-anna-moren\/\" target=\"_blank\" rel=\"noopener\"><b>Izabela Anna Moren<\/b><span style=\"font-weight: 400;\">\u00a0<\/span><\/a>(Fondazione Studio Rizoma).<\/p>\n<p>con<\/p>\n<p><b>FRANCESCO BELLINA<\/b><\/p>\n<p><b>REPLICA ARTIST BOOKS<\/b><\/p>\n<p><b>ELIZA COLLIN<\/b><\/p>\n<p><b>BEATRICE DONDA<\/b><\/p>\n<p><b>ROBERTO GHEZZI<\/b><\/p>\n<p><b>MARKUS HEINSDORFF<\/b><\/p>\n<p><b>VALENTINA DE&#8217; MATHA&#8217;<\/b><\/p>\n<p><b>MATTEO DE MAYDA<\/b><\/p>\n<p><b>MAURO SAMBO<\/b><\/p>\n<p><b>GIOVANNA SILVA<\/b><\/p>\n<p><b>LUIGI VIOLA<\/b><\/p>\n<p><b>ROGER WEISS<\/b><\/p>\n<h1><\/h1>\n<h3><b>Domenica 10 Novembre<\/b><\/h3>\n<p><b>18.00 \u2013 20.00 | CORPO D\u2019ACQUA: Liquidit\u00e0 ed Elemento Antropico (Vernissage Party) | <\/b><b><i>Venue: CREA<\/i><\/b><\/p>\n<h1><\/h1>\n","protected":false},"excerpt":{"rendered":"<p>CORPO D\u2019ACQUA \u2013 Liquidit\u00e0 ed elemento antropico Mostra collettiva dal 5 al 15 Novembre dalle 11 alle 18 CREA Cantieri del Contemporaneo Prima che l\u2019acqua diventasse uno dei temi chiave di ricerca scientifica e artistica legata alla sostenibilit\u00e0 e sopravvivenza nel 20esimo secolo, era gi\u00e0 un tema a Venezia e lo \u00e8 perennemente. La citt\u00e0 [&hellip;]<\/p>\n","protected":false},"author":2,"featured_media":0,"parent":0,"menu_order":0,"comment_status":"closed","ping_status":"closed","template":"","meta":{"footnotes":""},"class_list":["post-16874","page","type-page","status-publish","hentry"],"_links":{"self":[{"href":"https:\/\/2024.transeuropafestival.eu\/it\/wp-json\/wp\/v2\/pages\/16874","targetHints":{"allow":["GET"]}}],"collection":[{"href":"https:\/\/2024.transeuropafestival.eu\/it\/wp-json\/wp\/v2\/pages"}],"about":[{"href":"https:\/\/2024.transeuropafestival.eu\/it\/wp-json\/wp\/v2\/types\/page"}],"author":[{"embeddable":true,"href":"https:\/\/2024.transeuropafestival.eu\/it\/wp-json\/wp\/v2\/users\/2"}],"replies":[{"embeddable":true,"href":"https:\/\/2024.transeuropafestival.eu\/it\/wp-json\/wp\/v2\/comments?post=16874"}],"version-history":[{"count":6,"href":"https:\/\/2024.transeuropafestival.eu\/it\/wp-json\/wp\/v2\/pages\/16874\/revisions"}],"predecessor-version":[{"id":17841,"href":"https:\/\/2024.transeuropafestival.eu\/it\/wp-json\/wp\/v2\/pages\/16874\/revisions\/17841"}],"wp:attachment":[{"href":"https:\/\/2024.transeuropafestival.eu\/it\/wp-json\/wp\/v2\/media?parent=16874"}],"curies":[{"name":"wp","href":"https:\/\/api.w.org\/{rel}","templated":true}]}}