{"id":17420,"date":"2024-10-22T11:56:25","date_gmt":"2024-10-22T11:56:25","guid":{"rendered":"https:\/\/2024.transeuropafestival.eu\/?page_id=17420"},"modified":"2024-10-22T11:56:25","modified_gmt":"2024-10-22T11:56:25","slug":"decolonizzare-femminismo","status":"publish","type":"page","link":"https:\/\/2024.transeuropafestival.eu\/it\/decolonizzare-femminismo\/","title":{"rendered":"Decolonizzare il femminismo"},"content":{"rendered":"<h1><em>Decolonizzare il femminismo: come affrontare l&#8217;intersezione delle lotte?<\/em><\/h1>\n<h3><strong><em>Intervento di apertura<\/em><br \/>\nVenerd\u00ec 8 Novembre<\/strong><br \/>\n<strong>dalle 16.30 alle 17.00<br \/>\n<span data-sheets-root=\"1\">Morion<\/span><\/strong><\/h3>\n<p><a href=\"https:\/\/2024.transeuropafestival.eu\/it\/speakers\/louisa-yousfi\/\">Louisa Yousfi<\/a> \u00e8 giornalista e critica letteraria. \u00c8 autrice di <em>Rester barbare<\/em> (La Fabrique, 2022), un&#8217;opera in cui riprende il motivo della &#8220;barbarie&#8221;, mutuato dallo scrittore algerino Kateb Yacine, per offrire una narrazione sia politica che letteraria del (ri)diventare barbaro di neri e arabi in Francia. Louisa \u00e8 un&#8217;attivista decoloniale e attualmente \u00e8 residente a Villa Medici a Roma. Condivider\u00e0 riflessioni e pensieri sulle intersezioni tra decolonialismo e femminismo.<\/p>\n<p>IT \/ FR<\/p>\n","protected":false},"excerpt":{"rendered":"<p>Decolonizzare il femminismo: come affrontare l&#8217;intersezione delle lotte? Intervento di apertura Venerd\u00ec 8 Novembre dalle 16.30 alle 17.00 Morion Louisa Yousfi \u00e8 giornalista e critica letteraria. \u00c8 autrice di Rester barbare (La Fabrique, 2022), un&#8217;opera in cui riprende il motivo della &#8220;barbarie&#8221;, mutuato dallo scrittore algerino Kateb Yacine, per offrire una narrazione sia politica che [&hellip;]<\/p>\n","protected":false},"author":2,"featured_media":0,"parent":0,"menu_order":0,"comment_status":"closed","ping_status":"closed","template":"","meta":{"footnotes":""},"class_list":["post-17420","page","type-page","status-publish","hentry"],"_links":{"self":[{"href":"https:\/\/2024.transeuropafestival.eu\/it\/wp-json\/wp\/v2\/pages\/17420","targetHints":{"allow":["GET"]}}],"collection":[{"href":"https:\/\/2024.transeuropafestival.eu\/it\/wp-json\/wp\/v2\/pages"}],"about":[{"href":"https:\/\/2024.transeuropafestival.eu\/it\/wp-json\/wp\/v2\/types\/page"}],"author":[{"embeddable":true,"href":"https:\/\/2024.transeuropafestival.eu\/it\/wp-json\/wp\/v2\/users\/2"}],"replies":[{"embeddable":true,"href":"https:\/\/2024.transeuropafestival.eu\/it\/wp-json\/wp\/v2\/comments?post=17420"}],"version-history":[{"count":2,"href":"https:\/\/2024.transeuropafestival.eu\/it\/wp-json\/wp\/v2\/pages\/17420\/revisions"}],"predecessor-version":[{"id":17430,"href":"https:\/\/2024.transeuropafestival.eu\/it\/wp-json\/wp\/v2\/pages\/17420\/revisions\/17430"}],"wp:attachment":[{"href":"https:\/\/2024.transeuropafestival.eu\/it\/wp-json\/wp\/v2\/media?parent=17420"}],"curies":[{"name":"wp","href":"https:\/\/api.w.org\/{rel}","templated":true}]}}