{"id":17528,"date":"2024-10-23T12:46:29","date_gmt":"2024-10-23T12:46:29","guid":{"rendered":"https:\/\/2024.transeuropafestival.eu\/?page_id=17528"},"modified":"2024-10-23T14:27:07","modified_gmt":"2024-10-23T14:27:07","slug":"le-voci-silenziate-delle-sirene","status":"publish","type":"page","link":"https:\/\/2024.transeuropafestival.eu\/it\/le-voci-silenziate-delle-sirene\/","title":{"rendered":"Le voci silenziate delle sirene"},"content":{"rendered":"<h1><b><i>Le voci silenziate delle sirene: democrazia, partecipazione e diritti delle donne<\/i><\/b><\/h1>\n<h3><i>Panel<br \/>\n<\/i><b>Domenica 10 Novembre<\/b><i><span style=\"font-weight: 400;\"><br \/>\n<\/span><\/i><b>dalle 11 alle 12<\/b><b><br \/>\n<\/b>CREA Cantieri del Contemporaneo<\/h3>\n<p><span style=\"font-weight: 400;\">Dalla lotta alla violenza sulle donne alla parit\u00e0 di genere sui luoghi di lavoro e in ambito sociale. <\/span><span style=\"font-weight: 400;\"><br \/>\n<\/span><span style=\"font-weight: 400;\">Il <strong>Comitato delle Elette della Municipalit\u00e0 di Venezia<\/strong> discuter\u00e0 con <a href=\"https:\/\/2024.transeuropafestival.eu\/it\/speakers\/annalisa-corrado\/\" target=\"_blank\" rel=\"noopener\"><strong>Annalisa Corrado<\/strong> <\/a>(Europarlamentare) e con <strong>Erika Capasso<\/strong> (Delegata alla riforma dei Quartieri, Immaginazione civica, progetto Case di Quartiere, politiche per il terzo settore al Comune di Bologna) dei progressi raggiunti, delle sfide ancora aperte e degli obiettivi futuri, esplorando le iniziative legislative dall&#8217;Unione Europea fino al livello locale.\u00a0<\/span><\/p>\n","protected":false},"excerpt":{"rendered":"<p>Le voci silenziate delle sirene: democrazia, partecipazione e diritti delle donne Panel Domenica 10 Novembre dalle 11 alle 12 CREA Cantieri del Contemporaneo Dalla lotta alla violenza sulle donne alla parit\u00e0 di genere sui luoghi di lavoro e in ambito sociale. Il Comitato delle Elette della Municipalit\u00e0 di Venezia discuter\u00e0 con Annalisa Corrado (Europarlamentare) e [&hellip;]<\/p>\n","protected":false},"author":2,"featured_media":0,"parent":0,"menu_order":0,"comment_status":"closed","ping_status":"closed","template":"","meta":{"footnotes":""},"class_list":["post-17528","page","type-page","status-publish","hentry"],"_links":{"self":[{"href":"https:\/\/2024.transeuropafestival.eu\/it\/wp-json\/wp\/v2\/pages\/17528","targetHints":{"allow":["GET"]}}],"collection":[{"href":"https:\/\/2024.transeuropafestival.eu\/it\/wp-json\/wp\/v2\/pages"}],"about":[{"href":"https:\/\/2024.transeuropafestival.eu\/it\/wp-json\/wp\/v2\/types\/page"}],"author":[{"embeddable":true,"href":"https:\/\/2024.transeuropafestival.eu\/it\/wp-json\/wp\/v2\/users\/2"}],"replies":[{"embeddable":true,"href":"https:\/\/2024.transeuropafestival.eu\/it\/wp-json\/wp\/v2\/comments?post=17528"}],"version-history":[{"count":4,"href":"https:\/\/2024.transeuropafestival.eu\/it\/wp-json\/wp\/v2\/pages\/17528\/revisions"}],"predecessor-version":[{"id":17621,"href":"https:\/\/2024.transeuropafestival.eu\/it\/wp-json\/wp\/v2\/pages\/17528\/revisions\/17621"}],"wp:attachment":[{"href":"https:\/\/2024.transeuropafestival.eu\/it\/wp-json\/wp\/v2\/media?parent=17528"}],"curies":[{"name":"wp","href":"https:\/\/api.w.org\/{rel}","templated":true}]}}