{"id":18029,"date":"2024-11-04T09:03:25","date_gmt":"2024-11-04T09:03:25","guid":{"rendered":"https:\/\/2024.transeuropafestival.eu\/?page_id=18029"},"modified":"2024-11-04T09:04:06","modified_gmt":"2024-11-04T09:04:06","slug":"democratic-odyssey-boat","status":"publish","type":"page","link":"https:\/\/2024.transeuropafestival.eu\/it\/democratic-odyssey-boat\/","title":{"rendered":"Democratic Odyssey Boat"},"content":{"rendered":"<h1><b><i>BENVENUTO UFFICIALE ALLA DEMOCRATIC ODYSSEY BOAT<\/i><\/b><\/h1>\n<h3><b><i>VERSO UNA DICHIARAZIONE PER UN\u2019ASSEMBLEA POPOLARE PER L\u2019EUROPA<\/i><\/b><\/h3>\n<h3><b>Domenica 10 Novembre<br \/>\n<\/b><b>dalle 10.30 alle 11<br \/>\n<\/b><b>CREA Cantieri del Contemporaneo<\/b><\/h3>\n<p><span style=\"font-weight: 400;\">La <\/span><i><span style=\"font-weight: 400;\">Democratic Odyssey<\/span><\/i><span style=\"font-weight: 400;\"> \u00e8 una campagna transnazionale per istituire un&#8217;assemblea permanente dei popoli per l&#8217;Europa. Questa assemblea nomade, composta da diverse centinaia di persone, si \u00e8 gi\u00e0 riunita ad Atene e si riunir\u00e0 online, a Firenze e a Vienna nei prossimi mesi, per preparare meglio l&#8217;Europa ad affrontare le tempeste future. A Venezia, membri individuali dell&#8217;assemblea, membri del Parlamento Europeo, pensator\u0259 e attivist\u0259 che collaborano con l&#8217;assemblea intraprenderanno un viaggio simbolico e arriveranno sulle rive di Venezia per invitare le persone di Venezia a unirsi alla flotilla che naviga verso una democrazia pi\u00f9 forte.<\/span><\/p>\n<p><span style=\"font-weight: 400;\"><br \/>\n<\/span><span style=\"font-weight: 400;\">Con <\/span><b>Annalisa Corrado, Kalypso Nicolaidis, David Yambio<\/b><\/p>\n","protected":false},"excerpt":{"rendered":"<p>BENVENUTO UFFICIALE ALLA DEMOCRATIC ODYSSEY BOAT VERSO UNA DICHIARAZIONE PER UN\u2019ASSEMBLEA POPOLARE PER L\u2019EUROPA Domenica 10 Novembre dalle 10.30 alle 11 CREA Cantieri del Contemporaneo La Democratic Odyssey \u00e8 una campagna transnazionale per istituire un&#8217;assemblea permanente dei popoli per l&#8217;Europa. Questa assemblea nomade, composta da diverse centinaia di persone, si \u00e8 gi\u00e0 riunita ad Atene [&hellip;]<\/p>\n","protected":false},"author":2,"featured_media":0,"parent":0,"menu_order":0,"comment_status":"closed","ping_status":"closed","template":"","meta":{"footnotes":""},"class_list":["post-18029","page","type-page","status-publish","hentry"],"_links":{"self":[{"href":"https:\/\/2024.transeuropafestival.eu\/it\/wp-json\/wp\/v2\/pages\/18029","targetHints":{"allow":["GET"]}}],"collection":[{"href":"https:\/\/2024.transeuropafestival.eu\/it\/wp-json\/wp\/v2\/pages"}],"about":[{"href":"https:\/\/2024.transeuropafestival.eu\/it\/wp-json\/wp\/v2\/types\/page"}],"author":[{"embeddable":true,"href":"https:\/\/2024.transeuropafestival.eu\/it\/wp-json\/wp\/v2\/users\/2"}],"replies":[{"embeddable":true,"href":"https:\/\/2024.transeuropafestival.eu\/it\/wp-json\/wp\/v2\/comments?post=18029"}],"version-history":[{"count":2,"href":"https:\/\/2024.transeuropafestival.eu\/it\/wp-json\/wp\/v2\/pages\/18029\/revisions"}],"predecessor-version":[{"id":18031,"href":"https:\/\/2024.transeuropafestival.eu\/it\/wp-json\/wp\/v2\/pages\/18029\/revisions\/18031"}],"wp:attachment":[{"href":"https:\/\/2024.transeuropafestival.eu\/it\/wp-json\/wp\/v2\/media?parent=18029"}],"curies":[{"name":"wp","href":"https:\/\/api.w.org\/{rel}","templated":true}]}}